{"id":4,"date":"2019-06-20T16:29:20","date_gmt":"2019-06-20T16:29:20","guid":{"rendered":"https:\/\/web-321.de\/a24\/?p=4"},"modified":"2025-03-18T10:19:48","modified_gmt":"2025-03-18T10:19:48","slug":"home","status":"publish","type":"page","link":"https:\/\/a24automobile.de\/","title":{"rendered":"Home"},"content":{"rendered":"<h1>Dein Auto,<br \/>Unser Job!<\/h1>\n<ul>\n<li>\n        <a href=\"\/index.php?page_id=13\">Autos<\/a>\n    <\/li>\n<li>\n        <a href=\"\/index.php?page_id=11\">Kontakt<\/a>\n    <\/li>\n<\/ul>\n<ul>\n<li>\n<p>        <img src=\"\/wp-content\/uploads\/2023\/11\/Komponente-28-%E2%80%93-1.png\" alt=\"\"><\/p>\n<h3>Auto kaufen<\/h3>\n<div>\n<p>Finden Sie bei uns eine gro\u00dfe Auswahl an Fahrzeugen, darunter hochwertige Neuwagen, als auch sorgf\u00e4ltig gepr\u00fcfte Gebrauchtwagen.<\/p>\n<\/div>\n<p><a href=\"\/index.php?page_id=13\">Auto kaufen<\/a><\/p>\n<\/li>\n<li>\n<p>        <img src=\"\/wp-content\/uploads\/2023\/11\/omponent.png\" alt=\"\"><\/p>\n<h3>Auto verkaufen<\/h3>\n<div>\n<p>Profitieren Sie von einer stressfreien <br \/>und bequemen M\u00f6glichkeit Ihr <br \/>Fahrzeug schnell und sicher zu <br \/>verkaufen.<\/p>\n<\/div>\n<p><a href=\"\/index.php?page_id=3\">Auto verkaufen<\/a><\/p>\n<\/li>\n<\/ul>\n<p><img src=\"\/wp-content\/uploads\/2023\/11\/Rechteck-250.jpg\" alt=\"\"><\/p>\n<h1>Finde<br \/>dein Auto<br \/>dass zu dir<br \/>passt!<\/h1>\n<ul>\n<li>\n<p>        <img src=\"\/wp-content\/uploads\/2023\/11\/Gruppe-maskieren-11.jpg\" alt=\"\"><\/p>\n<h3>Neuwagen<\/h3>\n<div>\n<p>Erleben Sie die Faszination von brandneuen Fahrzeugen, die mit den neusten Technologien, innovativem Design und erstklassiger <br \/>Leistung ausgestattet sind.<\/p>\n<\/div>\n<p><a href=\"\/index.php?page_id=13\">Kaufen<\/a><\/p>\n<\/li>\n<li>\n<p>        <img src=\"\/wp-content\/uploads\/2023\/11\/Gruppe-maskieren-10.jpg\" alt=\"\"><\/p>\n<h3>Gebrauchtwagen<\/h3>\n<div>\n<p>Entdecken Sie eine erstklassige Auswahl an hochwertigen Gebrauchtwagen, die sorgf\u00e4ltig gepr\u00fcft und gewartet wurden, um Ihnen ein zuverl\u00e4ssiges Fahrerlebnis zu bieten.<\/p>\n<\/div>\n<p><a href=\"\/index.php?page_id=13\">Finden<\/a><\/p>\n<\/li>\n<li>\n<p>        <img src=\"\/wp-content\/uploads\/2023\/11\/Gruppe-maskieren-12.jpg\" alt=\"\"><\/p>\n<h3>Mietwagen<\/h3>\n<div>\n<p>Ob spontaner Wochenendtrip oder l\u00e4ngere Gesch\u00e4ftsreise, mit unseren Mietauto-Service bieten wir Ihnen flexible Optionen. Mieten Sie bei uns und lassen Sie sich beraten.<\/p>\n<\/div>\n<p><a href=\"#\">Mieten<\/a><\/p>\n<\/li>\n<\/ul>\n<h2>Service<\/h2>\n<ul>\n<li>\n<p><a href=\"https:\/\/www.kroschke.de\/kfz-zulassungsdienst?gbraid=0AAAAACmMI-lzDS9UKQQeTlgbIztmVG4f2&#038;gclid=Cj0KCQiA6vaqBhCbARIsACF9M6nLCegLD3oiQRDqWlGKpUcbz4tOY1J8fFKXOB4HPi9IxhLupMb5WhwaAtexEALw_wcB \">Zulassungsdienst<\/a><\/p>\n<\/li>\n<li>\n<p><a href=\"https:\/\/www.kroschke.de\/branchenloesungen\/systeme\/wunschkennzeichen\">Wunschkennzeichen<\/a><\/p>\n<\/li>\n<li>\n<p><a href=\"https:\/\/www.kroschke.de\/kfz-kennzeichen\">Schilderdienst<\/a><\/p>\n<\/li>\n<li>\n<p><a href=\"https:\/\/www.bundesfinanzministerium.de\/Web\/DE\/Service\/Apps_Rechner\/KfzRechner\/KfzRechner.html\">KFZ-Steuer berechnen<\/a><\/p>\n<\/li>\n<li>\n<p><a href=\"https:\/\/www.racechip.de\/\"><\/p>\n<p>Motortuning<\/p>\n<p><\/a><\/p>\n<\/li>\n<li>\n<p><a href=\"https:\/\/www.dat.de\/gebrauchtfahrzeugwerte\/#\/start\">Fahrzeugbewertung<\/a><\/p>\n<\/li>\n<li>\n<p><a href=\"#\">Gebrauchtwagenschutz<\/a><\/p>\n<\/li>\n<li>\n<p><a href=\"https:\/\/hausbootfeeling.de\/\">A24 Empfehlungen<\/a><\/p>\n<\/li>\n<\/ul>\n<p><img src=\"\/wp-content\/uploads\/2023\/11\/1.jpg\" alt=\"\"><\/p>\n<h1>Noch Fragen?<br \/>Dann kontaktieren Sie uns gerne<\/h1>\n<p>\n    <a href=\"\/index.php?page_id=11\">Kontakt<\/a>\n<\/p>\n<p><!--more--><br \/>\n<!-- {\"name\":\"Home\",\"type\":\"layout\",\"children\":[{\"name\":\"Hero\",\"type\":\"section\",\"props\":{\"animation\":\"slide-left-medium\",\"animation_delay\":false,\"height\":\"section\",\"image\":\"wp-content\\\/uploads\\\/2023\\\/11\\\/Gruppe-maskieren-9.jpg\",\"image_position\":\"center-center\",\"image_size\":\"cover\",\"media_overlay\":\"rgba(0, 0, 0, 0.1)\",\"padding_remove_top\":false,\"style\":\"default\",\"text_color\":\"light\",\"title_breakpoint\":\"xl\",\"title_position\":\"top-left\",\"title_rotation\":\"left\",\"vertical_align\":\"middle\",\"width\":\"large\"},\"children\":[{\"type\":\"row\",\"props\":{\"column_gap\":\"large\",\"layout\":\"1-2,1-2\",\"row_gap\":\"large\",\"vertical_align\":true},\"children\":[{\"type\":\"column\",\"props\":{\"image_position\":\"center-center\",\"position_sticky_breakpoint\":\"m\",\"vertical_align\":\"middle\",\"width_medium\":\"1-2\"},\"children\":[{\"type\":\"headline\",\"props\":{\"block_align\":\"center\",\"content\":\"Dein Auto,<br \\\/>Unser Job!\",\"margin_remove_top\":false,\"text_align_breakpoint\":\"m\",\"text_align_fallback\":\"center\",\"title_element\":\"h1\",\"title_style\":\"heading-small\"}},{\"type\":\"button\",\"props\":{\"grid_column_gap\":\"small\",\"grid_row_gap\":\"small\",\"margin\":\"default\",\"text_align\":\"left\",\"text_align_breakpoint\":\"m\",\"text_align_fallback\":\"center\"},\"children\":[{\"type\":\"button_item\",\"props\":{\"button_style\":\"primary\",\"content\":\"Autos\",\"icon_align\":\"left\",\"link\":\"index.php?page_id=13\",\"link_title\":\"Explore\"}},{\"type\":\"button_item\",\"props\":{\"button_style\":\"default\",\"content\":\"Kontakt\",\"icon_align\":\"left\",\"link\":\"index.php?page_id=11\",\"link_title\":\"Explore\"}}]}]},{\"type\":\"column\",\"props\":{\"image_position\":\"center-center\",\"position_sticky_breakpoint\":\"m\",\"vertical_align\":\"middle\",\"width_medium\":\"1-2\"}}]}]},{\"name\":\"Customers\",\"type\":\"section\",\"props\":{\"animation\":\"slide-bottom-small\",\"animation_delay\":false,\"class\":\"tm-section-box-shadow\",\"css\":\".el-section {\\n\\tposition: relative;\\n\\tbox-shadow: 0 0 35px rgba(0,0,0,0.04);\\n}\",\"image_position\":\"center-center\",\"image_size\":\"cover\",\"padding\":\"xsmall\",\"style\":\"primary\",\"title_breakpoint\":\"xl\",\"title_position\":\"top-left\",\"title_rotation\":\"left\",\"vertical_align\":\"middle\",\"width\":\"large\"},\"children\":[{\"type\":\"row\",\"props\":{\"layout\":\"1-4,3-4\",\"vertical_align\":true},\"children\":[{\"type\":\"column\",\"props\":{\"image_position\":\"center-center\",\"position_sticky_breakpoint\":\"m\",\"vertical_align\":\"middle\",\"width_medium\":\"1-4\"}},{\"type\":\"column\",\"props\":{\"image_position\":\"center-center\",\"position_sticky_breakpoint\":\"m\",\"vertical_align\":\"middle\",\"width_medium\":\"3-4\"}}]}]},{\"name\":\"Services\",\"type\":\"section\",\"props\":{\"animation\":\"slide-left-medium\",\"image_position\":\"center-center\",\"image_size\":\"cover\",\"padding\":\"large\",\"style\":\"muted\",\"title_breakpoint\":\"xl\",\"title_position\":\"top-left\",\"title_rotation\":\"left\",\"vertical_align\":\"middle\",\"width\":\"large\"},\"children\":[{\"type\":\"row\",\"props\":{\"column_gap\":\"large\",\"row_gap\":\"large\",\"vertical_align\":true},\"children\":[{\"type\":\"column\",\"props\":{\"image_position\":\"center-center\",\"position_sticky_breakpoint\":\"m\",\"vertical_align\":\"middle\"},\"children\":[{\"type\":\"grid\",\"props\":{\"class\":\"start_grid\",\"content_column_breakpoint\":\"m\",\"css\":\".el-image{\\n    \\n    width:200px;\\n    \\n}\",\"filter_align\":\"left\",\"filter_all\":true,\"filter_grid_breakpoint\":\"m\",\"filter_grid_width\":\"auto\",\"filter_position\":\"top\",\"filter_style\":\"tab\",\"grid_column_gap\":\"small\",\"grid_default\":\"1\",\"grid_medium\":\"\",\"grid_row_gap\":\"small\",\"grid_small\":\"2\",\"icon_ratio\":4,\"icon_width\":\"\",\"image_align\":\"left\",\"image_grid_breakpoint\":\"m\",\"image_grid_column_gap\":\"small\",\"image_grid_width\":\"2-5\",\"image_svg_animate\":true,\"image_svg_color\":\"muted\",\"image_svg_inline\":true,\"image_vertical_align\":true,\"item_animation\":true,\"link_style\":\"primary\",\"link_text\":\"Read more\",\"margin\":\"medium\",\"meta_align\":\"below-title\",\"meta_element\":\"div\",\"meta_style\":\"text-meta\",\"panel_padding\":\"default\",\"panel_style\":\"card-default\",\"parallax_easing\":\"1\",\"show_content\":true,\"show_image\":true,\"show_link\":true,\"show_meta\":true,\"show_title\":true,\"text_align\":\"left\",\"title_align\":\"top\",\"title_element\":\"h3\",\"title_grid_breakpoint\":\"m\",\"title_grid_width\":\"1-2\",\"title_hover_style\":\"reset\",\"title_style\":\"h2\"},\"children\":[{\"type\":\"grid_item\",\"props\":{\"content\":\"\n\n<p>Finden Sie bei uns eine gro\\u00dfe Auswahl an Fahrzeugen, darunter hochwertige Neuwagen, als auch sorgf\\u00e4ltig gepr\\u00fcfte Gebrauchtwagen.<\\\/p>\",\"image\":\"wp-content\\\/uploads\\\/2023\\\/11\\\/Komponente-28-\\u2013-1.png\",\"link\":\"index.php?page_id=13\",\"link_text\":\"Auto kaufen\",\"title\":\"Auto kaufen\"}},{\"type\":\"grid_item\",\"props\":{\"content\":\"\n\n<p>Profitieren Sie von einer stressfreien <br \\\/>und bequemen M\\u00f6glichkeit Ihr <br \\\/>Fahrzeug schnell und sicher zu <br \\\/>verkaufen.<\\\/p>\",\"image\":\"wp-content\\\/uploads\\\/2023\\\/11\\\/omponent.png\",\"link\":\"index.php?page_id=3\",\"link_text\":\"Auto verkaufen\",\"title\":\"Auto verkaufen\"}}]}]}]}]},{\"type\":\"section\",\"props\":{\"css\":\"@media only screen and (max-width: 800px) {\\n .uk-grid {\\n  display: flex;\\n  flex-wrap: wrap;\\n  margin: 0;\\n    margin-bottom: 0px;\\n    margin-left: 0px;\\n  padding-bottom: 50px;\\n  list-style: none;\\n}\\n}\\n\\n\\n\",\"image_position\":\"center-center\",\"padding\":\"none\",\"style\":\"primary\",\"title_breakpoint\":\"xl\",\"title_position\":\"top-left\",\"title_rotation\":\"left\",\"vertical_align\":\"middle\",\"width\":\"\",\"width_expand\":\"left\"},\"children\":[{\"type\":\"row\",\"props\":{\"column_gap\":\"collapse\",\"layout\":\"2-3,1-3\"},\"children\":[{\"type\":\"column\",\"props\":{\"image_position\":\"center-center\",\"image_size\":\"cover\",\"position_sticky_breakpoint\":\"m\",\"width_medium\":\"2-3\"},\"children\":[{\"type\":\"image\",\"props\":{\"animation\":\"none\",\"container_padding_remove\":true,\"image\":\"wp-content\\\/uploads\\\/2023\\\/11\\\/Rechteck-250.jpg\",\"image_svg_color\":\"emphasis\",\"margin\":\"default\",\"text_align\":\"left\"}}]},{\"type\":\"column\",\"props\":{\"image_position\":\"center-center\",\"position_sticky_breakpoint\":\"m\",\"vertical_align\":\"middle\",\"width_medium\":\"1-3\"},\"children\":[{\"type\":\"headline\",\"props\":{\"content\":\"Finde<br \/>dein Auto<br \/>dass zu dir<br \/>passt!\",\"text_align\":\"center\",\"title_element\":\"h1\"}}]}]}]},{\"type\":\"section\",\"props\":{\"image_position\":\"center-center\",\"style\":\"default\",\"title_breakpoint\":\"xl\",\"title_position\":\"top-left\",\"title_rotation\":\"left\",\"vertical_align\":\"middle\",\"width\":\"large\"},\"children\":[{\"type\":\"row\",\"children\":[{\"type\":\"column\",\"props\":{\"image_position\":\"center-center\",\"position_sticky_breakpoint\":\"m\"},\"children\":[{\"type\":\"grid\",\"props\":{\"content_column_breakpoint\":\"m\",\"filter_align\":\"left\",\"filter_all\":true,\"filter_grid_breakpoint\":\"m\",\"filter_grid_width\":\"auto\",\"filter_position\":\"top\",\"filter_style\":\"tab\",\"grid_column_gap\":\"small\",\"grid_default\":\"1\",\"grid_medium\":\"3\",\"icon_width\":80,\"image_align\":\"top\",\"image_grid_breakpoint\":\"m\",\"image_grid_width\":\"1-2\",\"image_svg_color\":\"emphasis\",\"item_animation\":true,\"link_style\":\"primary\",\"link_text\":\"Mehr erfahren\",\"margin\":\"default\",\"meta_align\":\"below-title\",\"meta_element\":\"div\",\"meta_style\":\"text-meta\",\"panel_padding\":\"default\",\"show_content\":true,\"show_image\":true,\"show_link\":true,\"show_meta\":true,\"show_title\":true,\"text_align\":\"center\",\"title_align\":\"top\",\"title_element\":\"h3\",\"title_grid_breakpoint\":\"m\",\"title_grid_width\":\"1-2\",\"title_hover_style\":\"reset\"},\"children\":[{\"type\":\"grid_item\",\"props\":{\"content\":\"\n\n<p>Erleben Sie die Faszination von brandneuen Fahrzeugen, die mit den neusten Technologien, innovativem Design und erstklassiger <br \\\/>Leistung ausgestattet sind.<\\\/p>\",\"image\":\"wp-content\\\/uploads\\\/2023\\\/11\\\/Gruppe-maskieren-11.jpg\",\"link\":\"index.php?page_id=13\",\"link_text\":\"Kaufen\",\"title\":\"Neuwagen\"}},{\"type\":\"grid_item\",\"props\":{\"content\":\"\n\n<p>Entdecken Sie eine erstklassige Auswahl an hochwertigen Gebrauchtwagen, die sorgf\\u00e4ltig gepr\\u00fcft und gewartet wurden, um Ihnen ein zuverl\\u00e4ssiges Fahrerlebnis zu bieten.<\\\/p>\",\"image\":\"wp-content\\\/uploads\\\/2023\\\/11\\\/Gruppe-maskieren-10.jpg\",\"link\":\"index.php?page_id=13\",\"link_text\":\"Finden\",\"title\":\"Gebrauchtwagen\"}},{\"type\":\"grid_item\",\"props\":{\"content\":\"\n\n<p>Ob spontaner Wochenendtrip oder l\\u00e4ngere Gesch\\u00e4ftsreise, mit unseren Mietauto-Service bieten wir Ihnen flexible Optionen. Mieten Sie bei uns und lassen Sie sich beraten.<\\\/p>\",\"image\":\"wp-content\\\/uploads\\\/2023\\\/11\\\/Gruppe-maskieren-12.jpg\",\"link\":\"#\",\"link_text\":\"Mieten\",\"title\":\"Mietwagen\"}}]}]}]}]},{\"type\":\"section\",\"props\":{\"image_position\":\"center-center\",\"style\":\"muted\",\"title_breakpoint\":\"xl\",\"title_position\":\"top-left\",\"title_rotation\":\"left\",\"vertical_align\":\"middle\",\"width\":\"large\",\"width_expand\":\"right\"},\"children\":[{\"type\":\"row\",\"props\":{\"column_gap\":\"large\",\"layout\":\"1-4,3-4\"},\"children\":[{\"type\":\"column\",\"props\":{\"image_position\":\"center-center\",\"position_sticky_breakpoint\":\"m\",\"width_medium\":\"1-4\",\"width_small\":\"1-3\"},\"children\":[{\"type\":\"headline\",\"props\":{\"content\":\"Service\",\"title_element\":\"h2\"}},{\"type\":\"list\",\"props\":{\"column_breakpoint\":\"m\",\"content_style\":\"h4\",\"css\":\".el-content a, .el-content{\\n    color:#29292970;\\n}\\n\\n.el-content a:hover{\\n    color:#e6007e;\\n    text-decoration:none;\\n}\\n\",\"image_align\":\"left\",\"image_svg_color\":\"emphasis\",\"image_vertical_align\":true,\"list_element\":\"ul\",\"list_horizontal_separator\":\", \",\"list_style\":\"divider\",\"list_type\":\"vertical\",\"show_image\":true,\"show_link\":true},\"children\":[{\"type\":\"list_item\",\"props\":{\"content\":\"Zulassungsdienst\",\"link\":\"https:\\\/\\\/www.kroschke.de\\\/kfz-zulassungsdienst?gbraid=0AAAAACmMI-lzDS9UKQQeTlgbIztmVG4f2&gclid=Cj0KCQiA6vaqBhCbARIsACF9M6nLCegLD3oiQRDqWlGKpUcbz4tOY1J8fFKXOB4HPi9IxhLupMb5WhwaAtexEALw_wcB \",\"link_target\":true}},{\"type\":\"list_item\",\"props\":{\"content\":\"Wunschkennzeichen\",\"link\":\"https:\\\/\\\/www.kroschke.de\\\/branchenloesungen\\\/systeme\\\/wunschkennzeichen\",\"link_target\":true}},{\"type\":\"list_item\",\"props\":{\"content\":\"Schilderdienst\",\"link\":\"https:\\\/\\\/www.kroschke.de\\\/kfz-kennzeichen\",\"link_target\":true}},{\"type\":\"list_item\",\"props\":{\"content\":\"KFZ-Steuer berechnen\",\"link\":\"https:\\\/\\\/www.bundesfinanzministerium.de\\\/Web\\\/DE\\\/Service\\\/Apps_Rechner\\\/KfzRechner\\\/KfzRechner.html\",\"link_target\":true}},{\"type\":\"list_item\",\"props\":{\"content\":\"\n\n<p>Motortuning<\\\/p>\",\"link\":\"https:\\\/\\\/www.racechip.de\\\/\",\"link_target\":true}},{\"type\":\"list_item\",\"props\":{\"content\":\"Fahrzeugbewertung\",\"link\":\"https:\\\/\\\/www.dat.de\\\/gebrauchtfahrzeugwerte\\\/#\\\/start\",\"link_target\":true}},{\"type\":\"list_item\",\"props\":{\"content\":\"Gebrauchtwagenschutz\",\"link\":\"#\",\"link_target\":true}},{\"type\":\"list_item\",\"props\":{\"content\":\"A24 Empfehlungen\",\"link\":\"https:\\\/\\\/hausbootfeeling.de\\\/\",\"link_target\":true}}]}]},{\"type\":\"column\",\"props\":{\"image_position\":\"center-center\",\"position_sticky_breakpoint\":\"m\",\"width_medium\":\"3-4\",\"width_small\":\"2-3\"},\"children\":[{\"type\":\"image\",\"props\":{\"container_padding_remove\":true,\"image\":\"wp-content\\\/uploads\\\/2023\\\/11\\\/1.jpg\",\"image_svg_color\":\"emphasis\",\"margin\":\"default\"}}]}]}]},{\"type\":\"section\",\"props\":{\"image\":\"wp-content\\\/uploads\\\/2023\\\/11\\\/Gruppe-maskieren-3-1.png\",\"image_position\":\"center-center\",\"image_size\":\"cover\",\"style\":\"default\",\"text_color\":\"light\",\"title_breakpoint\":\"xl\",\"title_position\":\"top-left\",\"title_rotation\":\"left\",\"vertical_align\":\"middle\",\"width\":\"large\"},\"children\":[{\"type\":\"row\",\"children\":[{\"type\":\"column\",\"props\":{\"image_position\":\"center-center\",\"position_sticky_breakpoint\":\"m\",\"width_medium\":\"2-3\"},\"children\":[{\"type\":\"headline\",\"props\":{\"content\":\"Noch Fragen?<br \\\/>Dann kontaktieren Sie uns gerne\",\"title_element\":\"h1\"}}]},{\"type\":\"column\",\"props\":{\"image_position\":\"center-center\",\"position_sticky_breakpoint\":\"m\",\"vertical_align\":\"bottom\",\"width_medium\":\"1-3\"},\"children\":[{\"type\":\"button\",\"props\":{\"grid_column_gap\":\"small\",\"grid_row_gap\":\"small\",\"margin\":\"default\",\"text_align\":\"right\",\"text_align_breakpoint\":\"m\",\"text_align_fallback\":\"left\"},\"children\":[{\"type\":\"button_item\",\"props\":{\"button_style\":\"primary\",\"content\":\"Kontakt\",\"icon_align\":\"left\",\"link\":\"index.php?page_id=11\"}}]}]}],\"props\":{\"layout\":\"2-3,1-3\"}}]}],\"version\":\"4.2.6\"} --><\/p>\n","protected":false},"excerpt":{"rendered":"<p>Dein Auto,Unser Job! Autos Kontakt Auto kaufen Finden Sie bei uns eine gro\u00dfe Auswahl an Fahrzeugen, darunter hochwertige Neuwagen, als auch sorgf\u00e4ltig gepr\u00fcfte Gebrauchtwagen. Auto kaufen Auto verkaufen Profitieren Sie von einer stressfreien und bequemen M\u00f6glichkeit Ihr Fahrzeug schnell und sicher zu verkaufen. Auto verkaufen Findedein Autodass zu dirpasst! Neuwagen Erleben Sie die Faszination von [&hellip;]<\/p>\n","protected":false},"author":1,"featured_media":0,"parent":0,"menu_order":3,"comment_status":"open","ping_status":"open","template":"","meta":[],"acf":[],"_links":{"self":[{"href":"https:\/\/a24automobile.de\/index.php?rest_route=\/wp\/v2\/pages\/4"}],"collection":[{"href":"https:\/\/a24automobile.de\/index.php?rest_route=\/wp\/v2\/pages"}],"about":[{"href":"https:\/\/a24automobile.de\/index.php?rest_route=\/wp\/v2\/types\/page"}],"author":[{"embeddable":true,"href":"https:\/\/a24automobile.de\/index.php?rest_route=\/wp\/v2\/users\/1"}],"replies":[{"embeddable":true,"href":"https:\/\/a24automobile.de\/index.php?rest_route=%2Fwp%2Fv2%2Fcomments&post=4"}],"version-history":[{"count":79,"href":"https:\/\/a24automobile.de\/index.php?rest_route=\/wp\/v2\/pages\/4\/revisions"}],"predecessor-version":[{"id":1402,"href":"https:\/\/a24automobile.de\/index.php?rest_route=\/wp\/v2\/pages\/4\/revisions\/1402"}],"wp:attachment":[{"href":"https:\/\/a24automobile.de\/index.php?rest_route=%2Fwp%2Fv2%2Fmedia&parent=4"}],"curies":[{"name":"wp","href":"https:\/\/api.w.org\/{rel}","templated":true}]}}