{"id":12,"date":"2019-06-20T16:29:20","date_gmt":"2019-06-20T16:29:20","guid":{"rendered":"https:\/\/web-321.de\/a24\/?p=12"},"modified":"2023-11-29T13:11:35","modified_gmt":"2023-11-29T13:11:35","slug":"services","status":"publish","type":"page","link":"https:\/\/a24automobile.de\/?page_id=12","title":{"rendered":"Faq"},"content":{"rendered":"<h1>F.A.Q.<\/h1>\n<div>WIr beantworten die h\u00e4ufigst gestellten Fragen f\u00fcr Sie. <br \/> Ihre Frage ist nicht dabei? Kontaktieren Sie uns.<\/div>\n<ul>\n<li>\n<h3>1. Nehmen Sie unser altes Auto in Zahlung<\/h3>\n<div>\n<p>Die Antwort ist JA!<br \/>Nat\u00fcrlich nehmen wir Ihr altes Auto in Zahlung.<br \/>Den Kaufpreis verrechnen wir gern mit dem Kaufpreis Ihres Neuen,<br \/>aber wir kaufen es auch direkt zu und zahlen Ihnen den Ankaufspreis sofort aus oder \u00fcberweisen den Kaufpreis per Echtzeit\u00fcberweisung auf Ihr Konto.<\/p>\n<\/div>\n<\/li>\n<li>\n<h3>2. K\u00f6nnen Sie einen bestehenden Darlehensvertrag abl\u00f6sen?<\/h3>\n<div>\n<p>Die Antwort ist JA!<br \/>Nat\u00fcrlich l\u00f6sen wir auf Wunsch bestehende Fahrzeugfinanzierungen bei allen deutschen Banken f\u00fcr Sie vollkommen unkompliziert ab.<\/p>\n<\/div>\n<\/li>\n<li>\n<h3>3. Bieten Sie Finanzierungs- oder Leasingoptionen an?<\/h3>\n<div>\n<p>Die Antwort ist JA!<br \/>Nat\u00fcrlich bieten wir f\u00fcr alle unsere Fahrzeuge ma\u00dfgeschneiderte Finanzierung- und Leasingangebote an.<\/p>\n<\/div>\n<\/li>\n<li>\n<h3>4. Gibt es eine Garantieoption f\u00fcr Gebrauchtwagen?<\/h3>\n<div>\n<p>Die Antwort ist JA!!<br \/>Nat\u00fcrlich bieten wir f\u00fcr alle unsere Neu- und Gebrauchtfahrzeuge umfangreiche zus\u00e4tzlich Garantien in verschiedenen Leistungsbl\u00f6cken an.<\/p>\n<\/div>\n<\/li>\n<li>\n<h3>5. Lassen Sie das Fahrzeug f\u00fcr uns zu?<\/h3>\n<div>\n<p>Die Antwort ist JA!!<br \/>Nat\u00fcrlich bieten wir f\u00fcr alle unsere Neu- und Gebrauchtfahrzeuge umfangreiche zus\u00e4tzlich Garantien in verschiedenen Leistungsbl\u00f6cken an.<\/p>\n<\/div>\n<\/li>\n<li>\n<h3>6. Melden Sie unser altes Fahrzeug ab?<\/h3>\n<div>\n<p>Die Antwort ist JA!<br \/>Nat\u00fcrlich melden wir Ihr altes Fahrzeug schnell und bequem f\u00fcr Sie ab.<br \/>Dabei ist es egal aus welchem Bundesland oder aus welchem Landkreis Sie kommen.<\/p>\n<\/div>\n<\/li>\n<li>\n<h3>7. Bekomme ich ein pers\u00f6nliches Wunschkennzeichen?<\/h3>\n<div>\n<p>Die Antwort ist JA!<br \/>Nat\u00fcrlich reservieren wir f\u00fcr Sie ein pers\u00f6nliches Wunschkennzeichen. Sie k\u00f6nnen aber auch auf der Internet- Seite Ihres Heimat-Landkreises unter dem Link \u201eWunschkennzeichen\u201c selbst Wunschkennzeichen festlegen.<\/p>\n<\/div>\n<\/li>\n<li>\n<h3>8. Sind Probefahrten m\u00f6glich?<\/h3>\n<div>\n<p>Die Antwort ist JA!<br \/>Nat\u00fcrlich k\u00f6nnen Sie alle unsere Gebrauchtfahrzeuge zur Probe fahren.<br \/>Selbstverst\u00e4ndlich weisen wir Sie dazu detailliert in das Fahrzeug ein.<\/p>\n<\/div>\n<\/li>\n<li>\n<h3>9. Kann ich auch ein Neufahrzeug bestellen?<\/h3>\n<div>\n<p>Die Antwort ist JA!<br \/>Nat\u00fcrlich k\u00f6nnen Sie bei uns auch Neuwagen kaufen. Hierbei beraten wir Sie ausf\u00fchrlich und konfigurieren das neue Fahrzeug mit Ihnen gemeinsam. Gern k\u00f6nnen Sie uns auch fertige Konfigurationen einfach zusenden.<\/p>\n<\/div>\n<\/li>\n<li>\n<h3>10. Liefern Sie bundesweit nach Hause?<\/h3>\n<div>\n<p>Die Antwort ist Ja!<br \/>Nat\u00fcrlich liefern wir Ihr Fahrzeug bundesweit direkt bis zu Ihrer Haust\u00fcr. \u00dcbrigens holen wir von dort auch Ihren Gebrauchten ab.<\/p>\n<\/div>\n<\/li>\n<\/ul>\n<div>\n<h2>Noch mehr <br \/>Fragen?<\/h2>\n<\/div>\n<div>\n<h3>\n<p style=\"display:none;\">a<\/p>\n<\/h3>\n<p><a href=\"\/index.php?page_id=11\">Frage stellen<\/a><\/p>\n<\/div>\n<h3>Klasse Sache!<\/h3>\n<h2>A24 Empfehlungen<\/h2>\n<div>\n<p>Bei uns stehen Kundenzufriedenheit, erstklassiger Service und sichere Fahrzeuge im Mittelpunkt. Hier finden Sie eine \u00dcbersicht \u00fcber n\u00fctzliche Links und gro\u00dfartige Partner, die wir sch\u00e4tzen und Ihnen weiterempfehlen m\u00f6chten.<\/p>\n<\/div>\n<p><a href=\"https:\/\/hausbootfeeling.de\"><img src=\"\/wp-content\/uploads\/2023\/11\/Logo-hausbootfeeling.de_.png\" alt=\"\"><\/a><br \/>\n<img src=\"\/wp-content\/uploads\/2023\/11\/mietstation24.de_.png\" alt=\"\"><\/p>\n<h1>Noch Fragen?<br \/>Dann kontaktieren Sie uns gerne<\/h1>\n<p>\n    <a href=\"\/index.php?page_id=11\">Kontakt<\/a>\n<\/p>\n<p><!--more--><br \/>\n<!-- {\"name\":\"Services\",\"type\":\"layout\",\"children\":[{\"name\":\"About us\",\"type\":\"section\",\"props\":{\"animation\":\"fade\",\"image_effect\":\"fixed\",\"image_fixed\":true,\"image_position\":\"center-center\",\"image_size\":\"cover\",\"padding_remove_top\":false,\"style\":\"muted\",\"title_breakpoint\":\"xl\",\"title_position\":\"top-left\",\"title_rotation\":\"left\",\"vertical_align\":\"middle\",\"width\":\"default\"},\"children\":[{\"type\":\"row\",\"props\":{\"margin\":\"large\"},\"children\":[{\"type\":\"column\",\"props\":{\"image_position\":\"center-center\",\"position_sticky_breakpoint\":\"m\",\"width_medium\":\"1-1\"},\"children\":[{\"type\":\"headline\",\"props\":{\"block_align\":\"center\",\"content\":\"F.A.Q.\",\"margin_remove_bottom\":false,\"margin_remove_top\":false,\"text_align\":\"center\",\"title_element\":\"h1\"}},{\"type\":\"text\",\"props\":{\"block_align\":\"center\",\"column_breakpoint\":\"m\",\"content\":\"WIr beantworten die h\\u00e4ufigst gestellten Fragen f\\u00fcr Sie. <br \/> Ihre Frage ist nicht dabei? Kontaktieren Sie uns.\",\"margin\":\"default\",\"margin_remove_top\":true,\"maxwidth\":\"xlarge\",\"text_align\":\"center\"}}]}]},{\"type\":\"row\",\"props\":{\"column_gap\":\"collapse\"},\"children\":[{\"type\":\"column\",\"props\":{\"image_position\":\"center-center\",\"position_sticky_breakpoint\":\"m\"},\"children\":[{\"type\":\"accordion\",\"props\":{\"block_align\":\"center\",\"collapsible\":true,\"content_column_breakpoint\":\"m\",\"css\":\".el-title{\\n    color:#29292970;\\n    font-size:18px;\\n}\\n\\n\\n@media only screen and (max-width: 600px) {\\n  .el-title{\\n    color:#29292970;\\n    font-size:18px;\\n}\\n}\",\"image_align\":\"top\",\"image_grid_breakpoint\":\"m\",\"image_grid_width\":\"1-2\",\"image_svg_color\":\"emphasis\",\"link_style\":\"default\",\"link_text\":\"Read more\",\"maxwidth\":\"2xlarge\",\"show_image\":true,\"show_link\":true},\"children\":[{\"type\":\"accordion_item\",\"props\":{\"content\":\"\n\n<p>Die Antwort ist JA!<br \\\/>Nat\\u00fcrlich nehmen wir Ihr altes Auto in Zahlung.<br \\\/>Den Kaufpreis verrechnen wir gern mit dem Kaufpreis Ihres Neuen,<br \\\/>aber wir kaufen es auch direkt zu und zahlen Ihnen den Ankaufspreis sofort aus oder \\u00fcberweisen den Kaufpreis per Echtzeit\\u00fcberweisung auf Ihr Konto.<\\\/p>\",\"title\":\"1. Nehmen Sie unser altes Auto in Zahlung\"}},{\"type\":\"accordion_item\",\"props\":{\"content\":\"\n\n<p>Die Antwort ist JA!<br \\\/>Nat\\u00fcrlich l\\u00f6sen wir auf Wunsch bestehende Fahrzeugfinanzierungen bei allen deutschen Banken f\\u00fcr Sie vollkommen unkompliziert ab.<\\\/p>\",\"title\":\"2. K\\u00f6nnen Sie einen bestehenden Darlehensvertrag abl\\u00f6sen?\"}},{\"type\":\"accordion_item\",\"props\":{\"content\":\"\n\n<p>Die Antwort ist JA!<br \\\/>Nat\\u00fcrlich bieten wir f\\u00fcr alle unsere Fahrzeuge ma\\u00dfgeschneiderte Finanzierung- und Leasingangebote an.<\\\/p>\",\"title\":\"3. Bieten Sie Finanzierungs- oder Leasingoptionen an?\"}},{\"type\":\"accordion_item\",\"props\":{\"content\":\"\n\n<p>Die Antwort ist JA!!<br \\\/>Nat\\u00fcrlich bieten wir f\\u00fcr alle unsere Neu- und Gebrauchtfahrzeuge umfangreiche zus\\u00e4tzlich Garantien in verschiedenen Leistungsbl\\u00f6cken an.<\\\/p>\",\"title\":\"4. Gibt es eine Garantieoption f\\u00fcr Gebrauchtwagen?\"}},{\"type\":\"accordion_item\",\"props\":{\"content\":\"\n\n<p>Die Antwort ist JA!!<br \\\/>Nat\\u00fcrlich bieten wir f\\u00fcr alle unsere Neu- und Gebrauchtfahrzeuge umfangreiche zus\\u00e4tzlich Garantien in verschiedenen Leistungsbl\\u00f6cken an.<\\\/p>\",\"title\":\"5. Lassen Sie das Fahrzeug f\\u00fcr uns zu?\"}},{\"type\":\"accordion_item\",\"props\":{\"content\":\"\n\n<p>Die Antwort ist JA!<br \\\/>Nat\\u00fcrlich melden wir Ihr altes Fahrzeug schnell und bequem f\\u00fcr Sie ab.<br \\\/>Dabei ist es egal aus welchem Bundesland oder aus welchem Landkreis Sie kommen.<\\\/p>\",\"title\":\"6. Melden Sie unser altes Fahrzeug ab?\"}},{\"type\":\"accordion_item\",\"props\":{\"content\":\"\n\n<p>Die Antwort ist JA!<br \\\/>Nat\\u00fcrlich reservieren wir f\\u00fcr Sie ein pers\\u00f6nliches Wunschkennzeichen. Sie k\\u00f6nnen aber auch auf der Internet- Seite Ihres Heimat-Landkreises unter dem Link \\u201eWunschkennzeichen\\u201c selbst Wunschkennzeichen festlegen.<\\\/p>\",\"title\":\"7. Bekomme ich ein pers\\u00f6nliches Wunschkennzeichen?\"}},{\"type\":\"accordion_item\",\"props\":{\"content\":\"\n\n<p>Die Antwort ist JA!<br \\\/>Nat\\u00fcrlich k\\u00f6nnen Sie alle unsere Gebrauchtfahrzeuge zur Probe fahren.<br \\\/>Selbstverst\\u00e4ndlich weisen wir Sie dazu detailliert in das Fahrzeug ein.<\\\/p>\",\"title\":\"8. Sind Probefahrten m\\u00f6glich?\"}},{\"type\":\"accordion_item\",\"props\":{\"content\":\"\n\n<p>Die Antwort ist JA!<br \\\/>Nat\\u00fcrlich k\\u00f6nnen Sie bei uns auch Neuwagen kaufen. Hierbei beraten wir Sie ausf\\u00fchrlich und konfigurieren das neue Fahrzeug mit Ihnen gemeinsam. Gern k\\u00f6nnen Sie uns auch fertige Konfigurationen einfach zusenden.<\\\/p>\",\"title\":\"9. Kann ich auch ein Neufahrzeug bestellen?\"}},{\"type\":\"accordion_item\",\"props\":{\"content\":\"\n\n<p>Die Antwort ist Ja!<br \\\/>Nat\\u00fcrlich liefern wir Ihr Fahrzeug bundesweit direkt bis zu Ihrer Haust\\u00fcr. \\u00dcbrigens holen wir von dort auch Ihren Gebrauchten ab.<\\\/p>\",\"title\":\"10. Liefern Sie bundesweit nach Hause?\"}}]}]}]}]},{\"type\":\"section\",\"props\":{\"height\":\"percent\",\"image\":\"wp-content\\\/uploads\\\/2023\\\/11\\\/Gruppe-maskieren-15.jpg\",\"image_position\":\"center-center\",\"padding_remove_top\":true,\"style\":\"default\",\"title_breakpoint\":\"xl\",\"title_position\":\"top-left\",\"title_rotation\":\"left\",\"vertical_align\":\"\",\"width\":\"\"},\"children\":[{\"type\":\"row\",\"props\":{\"column_gap\":\"collapse\",\"layout\":\"1-2,1-2\"},\"children\":[{\"type\":\"column\",\"props\":{\"css\":\".uk-card-default{\\n        \\nbackground: linear-gradient(90deg, rgba(179,25,109,1) 0%, rgba(90,27,75,1) 100%); !important;\\n    \\n    color:white;\\n\\n}\",\"image_position\":\"center-center\",\"position_sticky_breakpoint\":\"m\",\"style\":\"card-default\",\"width_medium\":\"1-2\"},\"children\":[{\"type\":\"panel\",\"props\":{\"content_column_breakpoint\":\"m\",\"css\":\".el-title{\\n    \\n    color: white;\\n    \\n}\",\"icon_width\":80,\"image_align\":\"top\",\"image_grid_breakpoint\":\"m\",\"image_grid_width\":\"1-2\",\"image_svg_color\":\"emphasis\",\"link_style\":\"default\",\"link_text\":\"Read more\",\"margin\":\"default\",\"meta_align\":\"below-title\",\"meta_element\":\"div\",\"meta_style\":\"text-meta\",\"text_align\":\"center\",\"title\":\"Noch mehr <br \/>Fragen?\",\"title_align\":\"top\",\"title_element\":\"h2\",\"title_grid_breakpoint\":\"m\",\"title_grid_width\":\"1-2\",\"title_hover_style\":\"reset\",\"title_style\":\"heading-small\"}}]},{\"type\":\"column\",\"props\":{\"css\":\".uk-card-default {\\n  background-color: #ffffff78;\\n  color: #696969;\\n  box-shadow: none;\\n}\",\"image_position\":\"center-center\",\"position_sticky_breakpoint\":\"m\",\"style\":\"card-default\",\"vertical_align\":\"middle\",\"width_medium\":\"1-2\"},\"children\":[{\"type\":\"panel\",\"props\":{\"content_column_breakpoint\":\"m\",\"icon_width\":80,\"image_align\":\"top\",\"image_grid_breakpoint\":\"m\",\"image_grid_width\":\"1-2\",\"image_svg_color\":\"emphasis\",\"link\":\"index.php?page_id=11\",\"link_style\":\"primary\",\"link_text\":\"Frage stellen\",\"margin\":\"default\",\"meta_align\":\"below-title\",\"meta_element\":\"div\",\"meta_style\":\"text-meta\",\"text_align\":\"center\",\"title\":\"\n\n<p style=\\\"display:none;\\\">a<\\\/p>\",\"title_align\":\"top\",\"title_element\":\"h3\",\"title_grid_breakpoint\":\"m\",\"title_grid_width\":\"1-2\",\"title_hover_style\":\"reset\"}}]}]}]},{\"name\":\"Services\",\"type\":\"section\",\"props\":{\"animation\":\"slide-top-small\",\"image_position\":\"center-center\",\"image_size\":\"cover\",\"style\":\"default\",\"title_breakpoint\":\"xl\",\"title_position\":\"top-left\",\"title_rotation\":\"left\",\"vertical_align\":\"middle\",\"width\":\"large\"},\"children\":[{\"type\":\"row\",\"children\":[{\"type\":\"column\",\"props\":{\"image_position\":\"center-center\",\"position_sticky_breakpoint\":\"m\",\"width_medium\":\"1-1\"},\"children\":[{\"type\":\"headline\",\"props\":{\"content\":\"Klasse Sache!\",\"margin_remove_bottom\":true,\"text_align\":\"center\",\"title_element\":\"h3\",\"title_style\":\"h3\"}},{\"type\":\"headline\",\"props\":{\"content\":\"A24 Empfehlungen\",\"margin_remove_top\":true,\"text_align\":\"center\",\"title_element\":\"h2\",\"title_style\":\"h1\"}},{\"type\":\"text\",\"props\":{\"block_align\":\"center\",\"column_breakpoint\":\"m\",\"content\":\"\n\n<p>Bei uns stehen Kundenzufriedenheit, erstklassiger Service und sichere Fahrzeuge im Mittelpunkt. Hier finden Sie eine \\u00dcbersicht \\u00fcber n\\u00fctzliche Links und gro\\u00dfartige Partner, die wir sch\\u00e4tzen und Ihnen weiterempfehlen m\\u00f6chten.<\\\/p>\",\"margin\":\"default\",\"maxwidth\":\"xlarge\",\"text_align\":\"center\"}}]}]},{\"type\":\"row\",\"children\":[{\"type\":\"column\",\"props\":{\"image_position\":\"center-center\",\"position_sticky_breakpoint\":\"m\"},\"children\":[{\"type\":\"image\",\"props\":{\"image\":\"wp-content\\\/uploads\\\/2023\\\/11\\\/Logo-hausbootfeeling.de_.png\",\"image_svg_color\":\"emphasis\",\"link\":\"https:\\\/\\\/hausbootfeeling.de\",\"margin\":\"default\",\"margin_remove_bottom\":true}},{\"type\":\"image\",\"props\":{\"image\":\"wp-content\\\/uploads\\\/2023\\\/11\\\/mietstation24.de_.png\",\"image_svg_color\":\"emphasis\",\"margin\":\"default\",\"margin_remove_top\":true}}]}]}]},{\"type\":\"section\",\"props\":{\"image\":\"wp-content\\\/uploads\\\/2023\\\/11\\\/Gruppe-maskieren-3-1.png\",\"image_position\":\"center-center\",\"image_size\":\"cover\",\"style\":\"default\",\"text_color\":\"light\",\"title_breakpoint\":\"xl\",\"title_position\":\"top-left\",\"title_rotation\":\"left\",\"vertical_align\":\"middle\",\"width\":\"large\"},\"children\":[{\"type\":\"row\",\"children\":[{\"type\":\"column\",\"props\":{\"image_position\":\"center-center\",\"position_sticky_breakpoint\":\"m\",\"width_medium\":\"2-3\"},\"children\":[{\"type\":\"headline\",\"props\":{\"content\":\"Noch Fragen?<br \\\/>Dann kontaktieren Sie uns gerne\",\"title_element\":\"h1\"}}]},{\"type\":\"column\",\"props\":{\"image_position\":\"center-center\",\"position_sticky_breakpoint\":\"m\",\"vertical_align\":\"bottom\",\"width_medium\":\"1-3\"},\"children\":[{\"type\":\"button\",\"props\":{\"grid_column_gap\":\"small\",\"grid_row_gap\":\"small\",\"margin\":\"default\",\"text_align\":\"right\",\"text_align_breakpoint\":\"s\",\"text_align_fallback\":\"left\"},\"children\":[{\"type\":\"button_item\",\"props\":{\"button_style\":\"primary\",\"content\":\"Kontakt\",\"icon_align\":\"left\",\"link\":\"index.php?page_id=11\"}}]}]}],\"props\":{\"layout\":\"2-3,1-3\"}}],\"name\":\"cta\"}],\"version\":\"4.2.6\"} --><\/p>\n","protected":false},"excerpt":{"rendered":"<p>F.A.Q. WIr beantworten die h\u00e4ufigst gestellten Fragen f\u00fcr Sie. Ihre Frage ist nicht dabei? Kontaktieren Sie uns. 1. Nehmen Sie unser altes Auto in Zahlung Die Antwort ist JA!Nat\u00fcrlich nehmen wir Ihr altes Auto in Zahlung.Den Kaufpreis verrechnen wir gern mit dem Kaufpreis Ihres Neuen,aber wir kaufen es auch direkt zu und zahlen Ihnen den [&hellip;]<\/p>\n","protected":false},"author":1,"featured_media":0,"parent":0,"menu_order":1,"comment_status":"open","ping_status":"open","template":"","meta":[],"acf":[],"_links":{"self":[{"href":"https:\/\/a24automobile.de\/index.php?rest_route=\/wp\/v2\/pages\/12"}],"collection":[{"href":"https:\/\/a24automobile.de\/index.php?rest_route=\/wp\/v2\/pages"}],"about":[{"href":"https:\/\/a24automobile.de\/index.php?rest_route=\/wp\/v2\/types\/page"}],"author":[{"embeddable":true,"href":"https:\/\/a24automobile.de\/index.php?rest_route=\/wp\/v2\/users\/1"}],"replies":[{"embeddable":true,"href":"https:\/\/a24automobile.de\/index.php?rest_route=%2Fwp%2Fv2%2Fcomments&post=12"}],"version-history":[{"count":59,"href":"https:\/\/a24automobile.de\/index.php?rest_route=\/wp\/v2\/pages\/12\/revisions"}],"predecessor-version":[{"id":1383,"href":"https:\/\/a24automobile.de\/index.php?rest_route=\/wp\/v2\/pages\/12\/revisions\/1383"}],"wp:attachment":[{"href":"https:\/\/a24automobile.de\/index.php?rest_route=%2Fwp%2Fv2%2Fmedia&parent=12"}],"curies":[{"name":"wp","href":"https:\/\/api.w.org\/{rel}","templated":true}]}}